{"id":13258,"date":"2023-02-07T13:33:17","date_gmt":"2023-02-07T12:33:17","guid":{"rendered":"http:\/\/cel-log.realizacjewww.pl\/?page_id=13258"},"modified":"2023-02-07T13:33:34","modified_gmt":"2023-02-07T12:33:34","slug":"blog-2","status":"publish","type":"page","link":"https:\/\/cel-log.realizacjewww.pl\/?page_id=13258","title":{"rendered":"Blog"},"content":{"rendered":"\t\t<div data-elementor-type=\"wp-page\" data-elementor-id=\"13258\" class=\"elementor elementor-13258\">\n\t\t\t\t\t\t\t\t\t<section class=\"elementor-section elementor-top-section elementor-element elementor-element-c5a57c1 elementor-section-boxed elementor-section-height-default elementor-section-height-default\" data-id=\"c5a57c1\" data-element_type=\"section\">\n\t\t\t\t\t\t<div class=\"elementor-container elementor-column-gap-wider\">\n\t\t\t\t\t<div class=\"elementor-column elementor-col-100 elementor-top-column elementor-element elementor-element-02e9af9\" data-id=\"02e9af9\" data-element_type=\"column\">\n\t\t\t<div class=\"elementor-widget-wrap elementor-element-populated\">\n\t\t\t\t\t\t\t\t<div class=\"elementor-element elementor-element-df6df70 img-align-mobile-top image-vertical-align-center image-vertical-align-tablet-start img-align-top icon-box-vertical-align-top slide-h-position-left elementor-widget elementor-widget-the7-elements-simple-posts\" data-id=\"df6df70\" data-element_type=\"widget\" data-widget_type=\"the7-elements-simple-posts.default\">\n\t\t\t\t<div class=\"elementor-widget-container\">\n\t\t\t<div class=\"the7-simple-widget-posts the7-elementor-widget the7-elements-simple-posts-df6df70\" data-post-limit=\"-1\" data-pagination-mode=\"standard\" data-scroll-offset=\"\">\t\t\t<div class=\"dt-css-grid custom-pagination-handler\" data-columns=\"{&quot;d&quot;:3,&quot;t&quot;:2,&quot;p&quot;:1,&quot;wd&quot;:&quot;&quot;}\">\n\t\t\t\t\t\t\t\t\t<div class=\"wf-cell visible \">\n\t\t\t\t\t\t<article class=\"post visible wrapper post-728 type-post status-publish format-standard has-post-thumbnail hentry category-regaly tag-featured\">\n\n\t\t\t\t\t\t\t<div class=\"post-content-wrapper\">\n\t\t\t\t\t\t\t\t\t\t\t\t\t\t\t\t\t<div class=\"the7-simple-post-thumb\">\n\t\t\t\t\t\t\t\t\t\t<a href=\"https:\/\/cel-log.realizacjewww.pl\/?p=728\" class=\"post-thumbnail-rollover img-ratio-wrapper layzr-bg\" aria-label=\"Post image\"><img loading=\"lazy\" decoding=\"async\" class=\"preload-me lazy-load\" src=\"data:image\/svg+xml,%3Csvg%20xmlns%3D&#39;http%3A%2F%2Fwww.w3.org%2F2000%2Fsvg&#39;%20viewBox%3D&#39;0%200%20870%20489&#39;%2F%3E\" data-src=\"https:\/\/cel-log.realizacjewww.pl\/wp-content\/uploads\/2022\/05\/mroznia-870x489-1.jpg\" data-srcset=\"https:\/\/cel-log.realizacjewww.pl\/wp-content\/uploads\/2022\/05\/mroznia-870x489-1.jpg 870w\" alt=\"\" title=\"mroznia-870&#215;489\" width=\"870\" height=\"489\"  \/><span class=\"the7-hover-icon\"><svg xmlns=\"http:\/\/www.w3.org\/2000\/svg\" viewBox=\"0 0 24 24\" width=\"24\" height=\"24\"><path fill=\"none\" d=\"M0 0h24v24H0z\"><\/path><path d=\"M4.5 10.5c-.825 0-1.5.675-1.5 1.5s.675 1.5 1.5 1.5S6 12.825 6 12s-.675-1.5-1.5-1.5zm15 0c-.825 0-1.5.675-1.5 1.5s.675 1.5 1.5 1.5S21 12.825 21 12s-.675-1.5-1.5-1.5zm-7.5 0c-.825 0-1.5.675-1.5 1.5s.675 1.5 1.5 1.5 1.5-.675 1.5-1.5-.675-1.5-1.5-1.5z\"><\/path><\/svg><\/span><\/a>\t\t\t\t\t\t\t\t\t<\/div>\n\t\t\t\t\t\t\t\t\t\t\t\t\t\t\t\t<div class=\"post-entry-content\">\n\t\t\t\t\t\t\t\t\t<h5 class=\"heading\"><a href=\"https:\/\/cel-log.realizacjewww.pl\/?p=728\" rel=\"bookmark\" title=\"JAKIE REGA\u0141Y WARTO ZASTOSOWA\u0106 W MAGAZYNIE TYPU MRO\u0179NIA?\" class=\"post-title\">JAKIE REGA\u0141Y WARTO ZASTOSOWA\u0106 W MAGAZYNIE TYPU MRO\u0179NIA?<\/a><\/h5><p class=\"short-description\">Mro\u017anie i ch\u0142odnie to specyficzne typy magazyn\u00f3w, w kt\u00f3rych panuj\u0105 trudne warunki pracy dla operator\u00f3w w\u00f3zk\u00f3w czy specjalist\u00f3w kompletuj\u0105cych zam\u00f3wienia<\/p><a href=\"https:\/\/cel-log.realizacjewww.pl\/?p=728\" target=\"\" aria-label=\"Read more about JAKIE REGA\u0141Y WARTO ZASTOSOWA\u0106 W MAGAZYNIE TYPU MRO\u0179NIA?\" class=\"box-button elementor-button elementor-size-md\">Zobacz wi\u0119cej<\/a>\t\t\t\t\t\t\t\t<\/div>\n\t\t\t\t\t\t\t<\/div>\n\t\t\t\t\t\t<\/article>\n\t\t\t\t\t<\/div>\t\t\t\t\t\t\t\t\t\t<div class=\"wf-cell visible \">\n\t\t\t\t\t\t<article class=\"post visible wrapper post-13038 type-post status-publish format-standard has-post-thumbnail hentry category-regaly tag-featured\">\n\n\t\t\t\t\t\t\t<div class=\"post-content-wrapper\">\n\t\t\t\t\t\t\t\t\t\t\t\t\t\t\t\t\t<div class=\"the7-simple-post-thumb\">\n\t\t\t\t\t\t\t\t\t\t<a href=\"https:\/\/cel-log.realizacjewww.pl\/?p=13038\" class=\"post-thumbnail-rollover img-ratio-wrapper layzr-bg\" aria-label=\"Post image\"><img loading=\"lazy\" decoding=\"async\" class=\"preload-me lazy-load\" src=\"data:image\/svg+xml,%3Csvg%20xmlns%3D&#39;http%3A%2F%2Fwww.w3.org%2F2000%2Fsvg&#39;%20viewBox%3D&#39;0%200%20870%20489&#39;%2F%3E\" data-src=\"https:\/\/cel-log.realizacjewww.pl\/wp-content\/uploads\/2023\/01\/bd6c0433-2075-455b-b875-8d35f1cc20b0-870x489-1.jpg\" data-srcset=\"https:\/\/cel-log.realizacjewww.pl\/wp-content\/uploads\/2023\/01\/bd6c0433-2075-455b-b875-8d35f1cc20b0-870x489-1.jpg 870w\" alt=\"\" title=\"bd6c0433-2075-455b-b875-8d35f1cc20b0-870&#215;489\" width=\"870\" height=\"489\"  \/><span class=\"the7-hover-icon\"><svg xmlns=\"http:\/\/www.w3.org\/2000\/svg\" viewBox=\"0 0 24 24\" width=\"24\" height=\"24\"><path fill=\"none\" d=\"M0 0h24v24H0z\"><\/path><path d=\"M4.5 10.5c-.825 0-1.5.675-1.5 1.5s.675 1.5 1.5 1.5S6 12.825 6 12s-.675-1.5-1.5-1.5zm15 0c-.825 0-1.5.675-1.5 1.5s.675 1.5 1.5 1.5S21 12.825 21 12s-.675-1.5-1.5-1.5zm-7.5 0c-.825 0-1.5.675-1.5 1.5s.675 1.5 1.5 1.5 1.5-.675 1.5-1.5-.675-1.5-1.5-1.5z\"><\/path><\/svg><\/span><\/a>\t\t\t\t\t\t\t\t\t<\/div>\n\t\t\t\t\t\t\t\t\t\t\t\t\t\t\t\t<div class=\"post-entry-content\">\n\t\t\t\t\t\t\t\t\t<h5 class=\"heading\"><a href=\"https:\/\/cel-log.realizacjewww.pl\/?p=13038\" rel=\"bookmark\" title=\"PROCES KUPNA U\u017bYWANYCH REGA\u0141\u00d3W MAGAZYNOWYCH W\u00a0NASZEJ FIRMIE\" class=\"post-title\">PROCES KUPNA U\u017bYWANYCH REGA\u0141\u00d3W MAGAZYNOWYCH W\u00a0NASZEJ FIRMIE<\/a><\/h5><p class=\"short-description\">Ostatnio na naszym blogu poruszyli\u015bmy kwesti\u0119 ekologicznych oraz ekonomicznych zalet wykorzystywania u\u017cywanych rega\u0142\u00f3w magazynowych. Osobom zainteresowanym takim rozwi\u0105zaniem polecamy zapoznanie si\u0119 ze szczeg\u00f3\u0142ami procesu \u2013 od analizy potrzeb, przez projekt, a\u017c po realizacj\u0119.<\/p><a href=\"https:\/\/cel-log.realizacjewww.pl\/?p=13038\" target=\"\" aria-label=\"Read more about PROCES KUPNA U\u017bYWANYCH REGA\u0141\u00d3W MAGAZYNOWYCH W\u00a0NASZEJ FIRMIE\" class=\"box-button elementor-button elementor-size-md\">Zobacz wi\u0119cej<\/a>\t\t\t\t\t\t\t\t<\/div>\n\t\t\t\t\t\t\t<\/div>\n\t\t\t\t\t\t<\/article>\n\t\t\t\t\t<\/div>\t\t\t\t\t\t\t\t\t\t<div class=\"wf-cell visible \">\n\t\t\t\t\t\t<article class=\"post visible wrapper post-13046 type-post status-publish format-standard has-post-thumbnail hentry category-regaly tag-featured\">\n\n\t\t\t\t\t\t\t<div class=\"post-content-wrapper\">\n\t\t\t\t\t\t\t\t\t\t\t\t\t\t\t\t\t<div class=\"the7-simple-post-thumb\">\n\t\t\t\t\t\t\t\t\t\t<a href=\"https:\/\/cel-log.realizacjewww.pl\/?p=13046\" class=\"post-thumbnail-rollover img-ratio-wrapper layzr-bg\" aria-label=\"Post image\"><img loading=\"lazy\" decoding=\"async\" class=\"preload-me lazy-load\" src=\"data:image\/svg+xml,%3Csvg%20xmlns%3D&#39;http%3A%2F%2Fwww.w3.org%2F2000%2Fsvg&#39;%20viewBox%3D&#39;0%200%20870%20489&#39;%2F%3E\" data-src=\"https:\/\/cel-log.realizacjewww.pl\/wp-content\/uploads\/2023\/01\/regaly_na_sprzedaz-1-870x489-1.jpeg\" data-srcset=\"https:\/\/cel-log.realizacjewww.pl\/wp-content\/uploads\/2023\/01\/regaly_na_sprzedaz-1-870x489-1.jpeg 870w\" alt=\"\" title=\"regaly_na_sprzedaz-1-870&#215;489\" width=\"870\" height=\"489\"  \/><span class=\"the7-hover-icon\"><svg xmlns=\"http:\/\/www.w3.org\/2000\/svg\" viewBox=\"0 0 24 24\" width=\"24\" height=\"24\"><path fill=\"none\" d=\"M0 0h24v24H0z\"><\/path><path d=\"M4.5 10.5c-.825 0-1.5.675-1.5 1.5s.675 1.5 1.5 1.5S6 12.825 6 12s-.675-1.5-1.5-1.5zm15 0c-.825 0-1.5.675-1.5 1.5s.675 1.5 1.5 1.5S21 12.825 21 12s-.675-1.5-1.5-1.5zm-7.5 0c-.825 0-1.5.675-1.5 1.5s.675 1.5 1.5 1.5 1.5-.675 1.5-1.5-.675-1.5-1.5-1.5z\"><\/path><\/svg><\/span><\/a>\t\t\t\t\t\t\t\t\t<\/div>\n\t\t\t\t\t\t\t\t\t\t\t\t\t\t\t\t<div class=\"post-entry-content\">\n\t\t\t\t\t\t\t\t\t<h5 class=\"heading\"><a href=\"https:\/\/cel-log.realizacjewww.pl\/?p=13046\" rel=\"bookmark\" title=\"ODKUP ORAZ SPRZEDA\u017b REGA\u0141\u00d3W U\u017bYWANYCH \u2013 EKOLOGICZNE I EKONOMICZNE ROZWI\u0104ZANIE\" class=\"post-title\">ODKUP ORAZ SPRZEDA\u017b REGA\u0141\u00d3W U\u017bYWANYCH \u2013 EKOLOGICZNE I EKONOMICZNE ROZWI\u0104ZANIE<\/a><\/h5><p class=\"short-description\">Planujesz modyfikacj\u0119 wyposa\u017cenia hali magazynowej lub produkcyjnej? Projekt zak\u0142ada demonta\u017c obecnej konstrukcji rega\u0142\u00f3w i monta\u017c nowej instalacji, dostosowanej do aktualnych potrzeb? A mo\u017ce zmiana profilu dzia\u0142alno\u015bci firmy sprawi\u0142a, \u017ce zabudowa w pomieszczeniach nie spe\u0142nia ju\u017c swojej funkcji? Przekonaj si\u0119, jak ekonomicznie i ekologicznie rozwi\u0105za\u0107 ten problem!<\/p><a href=\"https:\/\/cel-log.realizacjewww.pl\/?p=13046\" target=\"\" aria-label=\"Read more about ODKUP ORAZ SPRZEDA\u017b REGA\u0141\u00d3W U\u017bYWANYCH \u2013 EKOLOGICZNE I EKONOMICZNE ROZWI\u0104ZANIE\" class=\"box-button elementor-button elementor-size-md\">Zobacz wi\u0119cej<\/a>\t\t\t\t\t\t\t\t<\/div>\n\t\t\t\t\t\t\t<\/div>\n\t\t\t\t\t\t<\/article>\n\t\t\t\t\t<\/div>\t\t\t\t\t\t\t\t<\/div>\n\t\t<\/div>\t\t<\/div>\n\t\t\t\t<\/div>\n\t\t\t\t\t<\/div>\n\t\t<\/div>\n\t\t\t\t\t\t\t<\/div>\n\t\t<\/section>\n\t\t\t\t\t\t\t<\/div>\n\t\t","protected":false},"excerpt":{"rendered":"<p>JAKIE REGA\u0141Y WARTO ZASTOSOWA\u0106 W MAGAZYNIE TYPU MRO\u0179NIA? Mro\u017anie i ch\u0142odnie to specyficzne typy magazyn\u00f3w, w kt\u00f3rych panuj\u0105 trudne warunki pracy dla operator\u00f3w w\u00f3zk\u00f3w czy specjalist\u00f3w kompletuj\u0105cych zam\u00f3wienia Zobacz wi\u0119cej PROCES KUPNA U\u017bYWANYCH REGA\u0141\u00d3W MAGAZYNOWYCH W\u00a0NASZEJ FIRMIE Ostatnio na naszym blogu poruszyli\u015bmy kwesti\u0119 ekologicznych oraz ekonomicznych zalet wykorzystywania u\u017cywanych rega\u0142\u00f3w magazynowych. Osobom zainteresowanym takim rozwi\u0105zaniem&hellip;<\/p>\n","protected":false},"author":1,"featured_media":0,"parent":0,"menu_order":30,"comment_status":"closed","ping_status":"closed","template":"","meta":{"inline_featured_image":false,"footnotes":""},"class_list":["post-13258","page","type-page","status-publish","hentry"],"_links":{"self":[{"href":"https:\/\/cel-log.realizacjewww.pl\/index.php?rest_route=\/wp\/v2\/pages\/13258","targetHints":{"allow":["GET"]}}],"collection":[{"href":"https:\/\/cel-log.realizacjewww.pl\/index.php?rest_route=\/wp\/v2\/pages"}],"about":[{"href":"https:\/\/cel-log.realizacjewww.pl\/index.php?rest_route=\/wp\/v2\/types\/page"}],"author":[{"embeddable":true,"href":"https:\/\/cel-log.realizacjewww.pl\/index.php?rest_route=\/wp\/v2\/users\/1"}],"replies":[{"embeddable":true,"href":"https:\/\/cel-log.realizacjewww.pl\/index.php?rest_route=%2Fwp%2Fv2%2Fcomments&post=13258"}],"version-history":[{"count":4,"href":"https:\/\/cel-log.realizacjewww.pl\/index.php?rest_route=\/wp\/v2\/pages\/13258\/revisions"}],"predecessor-version":[{"id":13262,"href":"https:\/\/cel-log.realizacjewww.pl\/index.php?rest_route=\/wp\/v2\/pages\/13258\/revisions\/13262"}],"wp:attachment":[{"href":"https:\/\/cel-log.realizacjewww.pl\/index.php?rest_route=%2Fwp%2Fv2%2Fmedia&parent=13258"}],"curies":[{"name":"wp","href":"https:\/\/api.w.org\/{rel}","templated":true}]}}